{"id":993,"date":"2021-03-22T10:07:16","date_gmt":"2021-03-22T09:07:16","guid":{"rendered":"http:\/\/ludwigkaiser.info\/?page_id=993"},"modified":"2021-03-22T10:07:16","modified_gmt":"2021-03-22T09:07:16","slug":"kreuzwegstationen-ii-digital-produziert","status":"publish","type":"page","link":"https:\/\/ludwigkaiser.de\/index.php\/kreuzwegstationen-ii-digital-produziert\/","title":{"rendered":"KreuzWegStationen II *digital produziert*"},"content":{"rendered":"<p>Freitag, 26. M\u00e4rz 2021<br \/>\nMelanchthonkirche Bochum<\/p>\n<p><img loading=\"lazy\" decoding=\"async\" class=\" wp-image-933\" src=\"http:\/\/ludwigkaiser.info\/wp-content\/uploads\/2021\/01\/MelanchthonkircheBO007-1024x682.jpg\" alt=\"\" width=\"372\" height=\"248\" srcset=\"https:\/\/ludwigkaiser.de\/wp-content\/uploads\/2021\/01\/MelanchthonkircheBO007-1024x682.jpg 1024w, https:\/\/ludwigkaiser.de\/wp-content\/uploads\/2021\/01\/MelanchthonkircheBO007-768x511.jpg 768w, https:\/\/ludwigkaiser.de\/wp-content\/uploads\/2021\/01\/MelanchthonkircheBO007-1536x1022.jpg 1536w, https:\/\/ludwigkaiser.de\/wp-content\/uploads\/2021\/01\/MelanchthonkircheBO007-2048x1363.jpg 2048w\" sizes=\"auto, (max-width: 372px) 100vw, 372px\" \/><\/p>\n<p>Der Kulturraum Melanchthonkirche pr\u00e4sentiert digital eine Reihe von drei konzertanten KreuzWegStationen mit Ludwig Kaiser. Sie r\u00fccken Orgelmusik in einen thematischen Zusammenhang, der bestimmt wird von einer Komposition Franz Liszts.<\/p>\n<p>Die Via crucis ist eines seiner radikalsten und modernsten Werke. Gerade die Bearbeitung f\u00fcr Orgel solo zeigt die kompromisslose Strenge und Expressivit\u00e4t des Werks, das weit ins 20. Jahrhundert voraus weist.<\/p>\n<p>Auch Liszts Lebensgef\u00e4hrtin Carolyne von Sayn-Wittgenstein war zutiefst erstaunt: \u201eNie hat er noch so komponiert; man m\u00f6chte glauben, da\u00df er die h\u00f6chste Spitze der Erde verlassen hat, um im \u00e4therischen Blau zu schwimmen.\u201c<\/p>\n<p>Orgel: Ludwig Kaiser<br \/>\nRezitation und Beratung: Gabriele Krettek<br \/>\nTon, Bild und Schnitt: Hans-Joachim Herholz<\/p>\n","protected":false},"excerpt":{"rendered":"<p>Freitag, 26. M\u00e4rz 2021 Melanchthonkirche Bochum Der Kulturraum Melanchthonkirche pr\u00e4sentiert digital eine Reihe von drei konzertanten KreuzWegStationen mit Ludwig Kaiser. Sie r\u00fccken Orgelmusik in einen thematischen Zusammenhang, der bestimmt wird von einer Komposition Franz Liszts. Die Via crucis ist eines seiner radikalsten und modernsten Werke. Gerade die Bearbeitung f\u00fcr Orgel solo zeigt die kompromisslose Strenge &hellip; <\/p>\n<p><a class=\"more-link btn\" href=\"https:\/\/ludwigkaiser.de\/index.php\/kreuzwegstationen-ii-digital-produziert\/\">Weiterlesen<\/a><\/p>\n","protected":false},"author":4,"featured_media":0,"parent":0,"menu_order":0,"comment_status":"closed","ping_status":"closed","template":"","meta":{"footnotes":""},"class_list":["post-993","page","type-page","status-publish","hentry","nodate","item-wrap"],"_links":{"self":[{"href":"https:\/\/ludwigkaiser.de\/index.php\/wp-json\/wp\/v2\/pages\/993","targetHints":{"allow":["GET"]}}],"collection":[{"href":"https:\/\/ludwigkaiser.de\/index.php\/wp-json\/wp\/v2\/pages"}],"about":[{"href":"https:\/\/ludwigkaiser.de\/index.php\/wp-json\/wp\/v2\/types\/page"}],"author":[{"embeddable":true,"href":"https:\/\/ludwigkaiser.de\/index.php\/wp-json\/wp\/v2\/users\/4"}],"replies":[{"embeddable":true,"href":"https:\/\/ludwigkaiser.de\/index.php\/wp-json\/wp\/v2\/comments?post=993"}],"version-history":[{"count":1,"href":"https:\/\/ludwigkaiser.de\/index.php\/wp-json\/wp\/v2\/pages\/993\/revisions"}],"predecessor-version":[{"id":994,"href":"https:\/\/ludwigkaiser.de\/index.php\/wp-json\/wp\/v2\/pages\/993\/revisions\/994"}],"wp:attachment":[{"href":"https:\/\/ludwigkaiser.de\/index.php\/wp-json\/wp\/v2\/media?parent=993"}],"curies":[{"name":"wp","href":"https:\/\/api.w.org\/{rel}","templated":true}]}}