{"id":953,"date":"2021-02-25T16:25:12","date_gmt":"2021-02-25T15:25:12","guid":{"rendered":"http:\/\/ludwigkaiser.info\/?page_id=953"},"modified":"2026-04-19T14:56:25","modified_gmt":"2026-04-19T12:56:25","slug":"mittagskirche","status":"publish","type":"page","link":"https:\/\/ludwigkaiser.de\/index.php\/mittagskirche\/","title":{"rendered":"Mittagskirche"},"content":{"rendered":"<p>Die <strong>Mittagskirche<\/strong> geht auf ver\u00e4nderte Lebensgewohnheiten und Lebensstile ein, \u00f6ffnet sich neuen Inhalten und Formen und nimmt dabei die Distanz vieler zur Kirche ernst.<br \/>\nSie pr\u00e4sentiert sich in zwei Modellen: Am ersten Sonntag im Monat stehen literarische Texte und Musik im Dialog, am dritten Sonntag wird ein thematischer Schwerpunkt in Form einer Kanzelrede und musikalischen Resonanzen entfaltet.\u00a0Thematische F\u00e4den k\u00f6nnen in Nachgespr\u00e4chen bei gemeinsamem Essen und Trinken fortgesponnen werden.<br \/>\nDie Mittagskirchen finden jeweils statt im ersten Halbjahr in den Monaten Februar und M\u00e4rz, Mai und Juni, im zweiten Halbjahr von September bis November.<\/p>\n<div>\n<p><strong>Vision und Resilienz \u2013 Gegen Widerst\u00e4nde Leben gestalten<br \/>\n<\/strong>ist der Titel der neuen Mittagskirchenreihe, die von September bis November 2025 reicht und im Februar 2026 fortgefu\u0308hrt wird.<br \/>\nWas kann in pers\u00f6nlichen oder gesellschaftspolitischen Krisenzeiten Orientierung und Halt geben? Was tr\u00e4gt die Menschen durch schwere Zeiten und l\u00e4sst sie zuversichtlich bleiben?<br \/>\nKanzelreden und Rezitationen im Dialog mit Musik spu\u0308ren M\u00f6glichkeiten und Kraftquellen nach, innere St\u00e4rke zu behalten oder zu gewinnen.<\/p>\n<\/div>\n<p>&nbsp;<\/p>\n<p style=\"font-weight: 400;\">Sonntag, 1. Februar 2026, 12:00 Uhr<br \/>\nMelanchthonkirche Bochum<\/p>\n<p style=\"font-weight: 400;\"><strong>Ich tat die Augen auf und sah das Helle<br \/>\n<\/strong>Lyrik und Prosa von Mascha Kal\u00e9ko<strong><br \/>\n<\/strong>Rezitation: Veronika Nickl<br \/>\nMusik: Dr. Maik Hester und Ludwig Kaiser<\/p>\n<p>&nbsp;<\/p>\n<p>Sonntag, 15. Februar 2026, 12:00 IUhr<br \/>\nMelanchthonkirche Bochum<\/p>\n<p style=\"font-weight: 400;\"><strong>Gute Beziehungen<br \/>\n<\/strong>\u00dcber die Entstehung von Resilienz,<br \/>\ndie F\u00e4higkeit zur Vision &#8211; und die Frage, wozu beides gut sein kann<\/p>\n<p style=\"font-weight: 400;\">Kanzelrede: Prof. em. Dr. Hildegard Mogge-Grotjahn<br \/>\nBegr\u00fc\u00dfung und Rezitation:\u00a0Dr. Annette M\u00f6nnich<br \/>\nMusik: Ludwig Kaiser<\/p>\n<p>&nbsp;<\/p>\n<p>Sonntag, 1. M\u00e4rz 2026, 12:00 Uhr<br \/>\nMelanchthonkirche Bochum<\/p>\n<p style=\"font-weight: 400;\"><strong>Hiob<br \/>\n<\/strong>Kanzelrede: Prof. em. Dr. J\u00fcrgen Ebach<br \/>\nBegr\u00fc\u00dfung und im Dialog Christina Ossenberg-Gentemann<br \/>\nMusik: Ludwig Kaiser<\/p>\n<p>&nbsp;<\/p>\n<p>Sonntag, 15. M\u00e4rz 2026, 12:00 Uhr<br \/>\nMelanchthonkirche Bochum<\/p>\n<p style=\"font-weight: 400;\"><strong>In die entgegengesetzte Richtung<br \/>\n<\/strong>Textpassagen aus \u201aDer Keller &#8211; Eine Entziehung\u2018<br \/>\nvon Thomas Bernhard<br \/>\nRezitation: Mark Oliver B\u00f6gel<br \/>\nMusik: Dr. Maik Hester<\/p>\n<p>&nbsp;<\/p>\n<p>Sonntag, 3. Mai 2026, 12:00 Uhr<br \/>\nMelanchthonkirche Bochum<\/p>\n<p style=\"font-weight: 400;\"><strong>Schwebende Lasten<br \/>\n<\/strong>Textpassagen aus dem gleichnamigen Roman von Annett Gr\u00f6schner<strong><br \/>\n<\/strong>Rezitation: Karin Moog<br \/>\nMusik: Ludwig Kaiser<\/p>\n<p>&nbsp;<\/p>\n<p>Sonntag, 17. Mai 2026, 12:00 Uhr<br \/>\nMelanchthonkirche Bochum<\/p>\n<p style=\"font-weight: 400;\"><strong>Resilienz und Verletzlichkeit<\/strong><strong><br \/>\n<\/strong>Kanzelrede: Prof. Dr. Norbert Ricken<br \/>\nMusik: Ludwig Kaiser<\/p>\n<p>&nbsp;<\/p>\n<p>Sonntag, 7. Juni 2026, 12:00 Uhr<br \/>\nMelanchthonkirche Bochum<\/p>\n<p style=\"font-weight: 400;\"><strong>Zu meiner Quelle von Ruhe und Zuversicht<br \/>\n<\/strong>Ein achtsamer Weg in die Stille<\/p>\n<p>Anleitung und Ein\u00fcbung: Ansgar Sievering-Glatz<br \/>\nMusik: Ludwig Kaiser<\/p>\n<p>&nbsp;<\/p>\n<p>Sonntag, 21. Juni 2026, 12:00 Uhr<br \/>\nMelanchthonkirche Bochum<\/p>\n<p style=\"font-weight: 400;\"><strong>Der Beitrag der Kirchenmusik zur Resilienz<br \/>\n<\/strong>Am Beispiel von Hans Holbeins Gem\u00e4lde \u201aDie Gesandten\u2018<\/p>\n<p style=\"font-weight: 400;\">Kanzelrede: Dr. Dr.h.c. Andreas Mertin<br \/>\nMusik: Ludwig Kaiser<br \/>\nIm Rahmen der Bochumer Tage f\u00fcr Neue Musik 2026<\/p>\n<h3><span style=\"font-size: 16px;\">Weitere Informationen unter: <\/span><a style=\"font-size: 16px;\" href=\"http:\/\/www.mittagskirche.de\">www.mittagskirche.de<\/a><\/h3>\n<p>&nbsp;<\/p>\n","protected":false},"excerpt":{"rendered":"<p>Die Mittagskirche geht auf ver\u00e4nderte Lebensgewohnheiten und Lebensstile ein, \u00f6ffnet sich neuen Inhalten und Formen und nimmt dabei die Distanz vieler zur Kirche ernst. Sie pr\u00e4sentiert sich in zwei Modellen: Am ersten Sonntag im Monat stehen literarische Texte und Musik im Dialog, am dritten Sonntag wird ein thematischer Schwerpunkt in Form einer Kanzelrede und musikalischen &hellip; <\/p>\n<p><a class=\"more-link btn\" href=\"https:\/\/ludwigkaiser.de\/index.php\/mittagskirche\/\">Weiterlesen<\/a><\/p>\n","protected":false},"author":4,"featured_media":170,"parent":0,"menu_order":0,"comment_status":"closed","ping_status":"closed","template":"","meta":{"footnotes":""},"class_list":["post-953","page","type-page","status-publish","has-post-thumbnail","hentry","nodate","item-wrap"],"_links":{"self":[{"href":"https:\/\/ludwigkaiser.de\/index.php\/wp-json\/wp\/v2\/pages\/953","targetHints":{"allow":["GET"]}}],"collection":[{"href":"https:\/\/ludwigkaiser.de\/index.php\/wp-json\/wp\/v2\/pages"}],"about":[{"href":"https:\/\/ludwigkaiser.de\/index.php\/wp-json\/wp\/v2\/types\/page"}],"author":[{"embeddable":true,"href":"https:\/\/ludwigkaiser.de\/index.php\/wp-json\/wp\/v2\/users\/4"}],"replies":[{"embeddable":true,"href":"https:\/\/ludwigkaiser.de\/index.php\/wp-json\/wp\/v2\/comments?post=953"}],"version-history":[{"count":38,"href":"https:\/\/ludwigkaiser.de\/index.php\/wp-json\/wp\/v2\/pages\/953\/revisions"}],"predecessor-version":[{"id":1928,"href":"https:\/\/ludwigkaiser.de\/index.php\/wp-json\/wp\/v2\/pages\/953\/revisions\/1928"}],"wp:featuredmedia":[{"embeddable":true,"href":"https:\/\/ludwigkaiser.de\/index.php\/wp-json\/wp\/v2\/media\/170"}],"wp:attachment":[{"href":"https:\/\/ludwigkaiser.de\/index.php\/wp-json\/wp\/v2\/media?parent=953"}],"curies":[{"name":"wp","href":"https:\/\/api.w.org\/{rel}","templated":true}]}}