{"id":92,"date":"2018-10-16T14:37:09","date_gmt":"2018-10-16T12:37:09","guid":{"rendered":"http:\/\/173.249.36.217:83\/?page_id=92"},"modified":"2025-12-19T20:23:38","modified_gmt":"2025-12-19T19:23:38","slug":"tage-neuer-musik","status":"publish","type":"page","link":"https:\/\/ludwigkaiser.de\/index.php\/tage-neuer-musik\/","title":{"rendered":"Tage Neuer Musik 2026"},"content":{"rendered":"<h3 style=\"text-align: left;\"><img loading=\"lazy\" decoding=\"async\" class=\" wp-image-251 alignleft\" src=\"http:\/\/ludwigkaiser.info\/wp-content\/uploads\/2018\/10\/kompositon_ludwig_kaiser.jpg\" alt=\"\" width=\"322\" height=\"472\" \/><\/h3>\n<h3>Bochumer Tage f\u00fcr Neue Musik 2026<\/h3>\n<h4>25. Mai \u2013 21. Juni 2026<\/h4>\n<h3>Das andere Amerika<\/h3>\n<p>Konzerte, Mittagskirche, Werkstatt und Vortrag<br \/>\nK\u00fcnstlerische Leitung: Ludwig Kaiser<\/p>\n<p>Die <em>Bochumer Tage f\u00fcr Neue Musik<\/em> des Kulturraum Melanchthonkirche sind ein nachhaltiger Baustein des kulturellen Lebens der Stadt Bochum und pr\u00e4gen seit gut zwei Jahrzehnten in den fr\u00fchen Sommermonaten das musikalische Leben der Stadt.<\/p>\n<p>Das Festival, das in diesem Jahr unter dem Titel <em>Das andere Amerika <\/em>steht, ist ein Netzwerkprojekt von Kulturorten, K\u00fcnstlerinnen und K\u00fcnstlern.<br \/>\nIm Jahr 2026 steht der <i>Kulturraum Melanchthonkirche<\/i>\u00a0in Kooperation mit der <i>Ev. Stadtakademie Bochum<\/i>, dem <em>Ensemble Horizonte, Detmold<\/em>, dem <em>Ensemble f\u00fcr Neue Kammermusik an der TU-Dortmund<\/em> und dem Bochumer Komponisten und Pianisten<em> Jona K\u00fcmper.<\/em><\/p>\n<p>&nbsp;<\/p>\n<p>&nbsp;<\/p>\n<p style=\"font-weight: 400;\"><strong>Bochumer Tage f\u00fcr Neue Musik 2026<br \/>\n<\/strong><strong>Das andere Amerika<\/strong><\/p>\n<p style=\"font-weight: 400;\">Pfingstmontag, 25. Mai 2026, 18:00 Uhr<br \/>\nMelanchthonkirche Bochum<\/p>\n<p style=\"font-weight: 400;\"><strong>Das andere Amerika<br \/>\n<\/strong>Musik von Frederic Rzewski, George Crumb,<br \/>\nMorton Feldman, David Lang u.a.<\/p>\n<p style=\"font-weight: 400;\">Ensemble Horizonte<br \/>\nKantorei an der Melanchthonkirche<br \/>\nLeitung\u00a0: Dr. J\u00f6rg-Peter Mittmann und Ludwig Kaiser<\/p>\n<p style=\"font-weight: 400;\">Eintritt: 18 | 10 EUR<\/p>\n<p>&nbsp;<\/p>\n<p style=\"font-weight: 400;\">Sonntag, 30. Mai 2026, 18 :00 Uhr<br \/>\nMelanchthonkirche Bochum<\/p>\n<p style=\"font-weight: 400;\"><strong>Im Atem der Zeit<br \/>\n<\/strong>Sehnsucht Amerika<\/p>\n<p style=\"font-weight: 400;\">Musik und Texte<br \/>\nvon Ernst Krenek, Arnold Sch\u00f6nberg, Mauricio Kagel u.a.<\/p>\n<p style=\"font-weight: 400;\">Rezitation: Veronika Nickl<br \/>\nSingende S\u00e4ge: Nicholas Bardach<br \/>\nKlavier und Orgel: Ludwig Kaiser<\/p>\n<p style=\"font-weight: 400;\">Eintritt: 16 | 8 EUR<\/p>\n<p>&nbsp;<\/p>\n<p style=\"font-weight: 400;\">Donnerstag, 4. Juni 2026, 18:00 Uhr<br \/>\nMelanchthonkirche Bochum<\/p>\n<p style=\"font-weight: 400;\"><strong>New York 1960<br \/>\n<\/strong>Musik von John Cage, Morton Feldman und Jazz<\/p>\n<p style=\"font-weight: 400;\">Klavier: Jona K\u00fcmper<br \/>\nEintritt: 10 | 5 EUR<\/p>\n<p>&nbsp;<\/p>\n<p style=\"font-weight: 400;\">Mittwoch, 10. Juni 2025, 19:30 Uhr<br \/>\nMelanchthonkirche Bochum<\/p>\n<p style=\"font-weight: 400;\"><strong>Tradition der Traditionslosigkeit<\/strong><strong><br \/>\n<\/strong>Bildende Kunst und Musik der \u201aNew York School\u2019<br \/>\nVortrag mit Klangbeispielen<\/p>\n<p style=\"font-weight: 400;\">Referent: Ludwig Kaiser<\/p>\n<p style=\"font-weight: 400;\">Eintritt: 8 | 5 EUR f\u00fcr Sch\u00fclerinnen, Sch\u00fcler und Studierende<br \/>\nim Verbund mit der Ev. Stadtakademie Bochum<\/p>\n<p>&nbsp;<\/p>\n<p style=\"font-weight: 400;\">Sonntag, 13. Juni 2026, 18:00 Uhr<br \/>\nMelanchthonkirche Bochum<\/p>\n<p style=\"font-weight: 400;\"><strong>Horizont Amerika<br \/>\n<\/strong>Ein moderiertes Orgelkonzert mit Musik von<br \/>\nCharles Ives, John Cage und Morton Feldman<\/p>\n<p style=\"font-weight: 400;\">Orgel: Ludwig Kaiser<br \/>\nEintritt: 10 | 5 EUR<\/p>\n<p>&nbsp;<\/p>\n<p style=\"font-weight: 400;\">Freitag, 19. Juni 2026, 21:00 Uhr<br \/>\nMelanchthonkirche Bochum<\/p>\n<p style=\"font-weight: 400;\"><strong>Telephones and Birds<br \/>\n<\/strong>Eine Soir\u00e9e mit Musik von John Cage, Tom Johnson und Moondog<\/p>\n<p style=\"font-weight: 400;\">Ensemble f\u00fcr Neue Kammermusik an der TU Dortmund<br \/>\nLeitung: Dr. Maik Hester<\/p>\n<p style=\"font-weight: 400;\">Eintritt: 16 | 8 EUR<\/p>\n<p>&nbsp;<\/p>\n<p>Die Bochumer Tage f\u00fcr Neue Musik werden unterst\u00fctzt<br \/>\nvom Kulturb\u00fcro der Stadt Bochum.<\/p>\n<p><img loading=\"lazy\" decoding=\"async\" class=\"alignnone wp-image-678\" src=\"https:\/\/kulturraum-melanchthonkirche.de\/wp-content\/uploads\/2020\/06\/Neues-Logo-der-Stadt-Bochum.jpg\" alt=\"\" width=\"44\" height=\"80\" \/><\/p>\n<p>&nbsp;<\/p>\n","protected":false},"excerpt":{"rendered":"<p>Bochumer Tage f\u00fcr Neue Musik 2026 25. Mai \u2013 21. Juni 2026 Das andere Amerika Konzerte, Mittagskirche, Werkstatt und Vortrag K\u00fcnstlerische Leitung: Ludwig Kaiser Die Bochumer Tage f\u00fcr Neue Musik des Kulturraum Melanchthonkirche sind ein nachhaltiger Baustein des kulturellen Lebens der Stadt Bochum und pr\u00e4gen seit gut zwei Jahrzehnten in den fr\u00fchen Sommermonaten das musikalische &hellip; <\/p>\n<p><a class=\"more-link btn\" href=\"https:\/\/ludwigkaiser.de\/index.php\/tage-neuer-musik\/\">Weiterlesen<\/a><\/p>\n","protected":false},"author":5,"featured_media":170,"parent":0,"menu_order":0,"comment_status":"closed","ping_status":"closed","template":"","meta":{"footnotes":""},"class_list":["post-92","page","type-page","status-publish","has-post-thumbnail","hentry","nodate","item-wrap"],"_links":{"self":[{"href":"https:\/\/ludwigkaiser.de\/index.php\/wp-json\/wp\/v2\/pages\/92","targetHints":{"allow":["GET"]}}],"collection":[{"href":"https:\/\/ludwigkaiser.de\/index.php\/wp-json\/wp\/v2\/pages"}],"about":[{"href":"https:\/\/ludwigkaiser.de\/index.php\/wp-json\/wp\/v2\/types\/page"}],"author":[{"embeddable":true,"href":"https:\/\/ludwigkaiser.de\/index.php\/wp-json\/wp\/v2\/users\/5"}],"replies":[{"embeddable":true,"href":"https:\/\/ludwigkaiser.de\/index.php\/wp-json\/wp\/v2\/comments?post=92"}],"version-history":[{"count":57,"href":"https:\/\/ludwigkaiser.de\/index.php\/wp-json\/wp\/v2\/pages\/92\/revisions"}],"predecessor-version":[{"id":1913,"href":"https:\/\/ludwigkaiser.de\/index.php\/wp-json\/wp\/v2\/pages\/92\/revisions\/1913"}],"wp:featuredmedia":[{"embeddable":true,"href":"https:\/\/ludwigkaiser.de\/index.php\/wp-json\/wp\/v2\/media\/170"}],"wp:attachment":[{"href":"https:\/\/ludwigkaiser.de\/index.php\/wp-json\/wp\/v2\/media?parent=92"}],"curies":[{"name":"wp","href":"https:\/\/api.w.org\/{rel}","templated":true}]}}