{"id":834,"date":"2020-09-22T15:56:07","date_gmt":"2020-09-22T13:56:07","guid":{"rendered":"http:\/\/ludwigkaiser.info\/?page_id=834"},"modified":"2022-02-10T19:38:41","modified_gmt":"2022-02-10T18:38:41","slug":"meisterkurse-2020","status":"publish","type":"page","link":"https:\/\/ludwigkaiser.de\/index.php\/meisterkurse-2020\/","title":{"rendered":"Meisterkurse 2020"},"content":{"rendered":"<div style=\"padding-bottom: 15px; font-weight: bold; font-size: x-large;\">Virtuelle Meisterkurse 2020<\/div>\n<p><img loading=\"lazy\" decoding=\"async\" class=\"size-medium wp-image-239 alignleft\" src=\"https:\/\/kulturraum-melanchthonkirche.de\/wp-content\/uploads\/2018\/11\/Portrait-Spieltisch-II-bearbeitet_bearbeitet-1-300x223.jpg\" alt=\"\" width=\"300\" height=\"223\" \/><\/p>\n<p>Herzlich willkommen zu den virtuellen Meisterkursen des Kulturraum Melanchthonkirche.<br \/>\nIn Zeiten der Corona-Pandemie haben wir daran gearbeitet Produktions- und Pr\u00e4sentationsformate zu entwickeln, die sich digitaler Medien bedienen.<br \/>\nWir sind weit davon entfernt zu glauben, dass digitale Formate das analoge Erleben ersetzen k\u00f6nnen. Und doch sehen wir in der digitalen Pr\u00e4sentation eines besonderen Formats des Kulturraum Melanchthonkirche durchaus Chancen f\u00fcr die Zukunft. So entstanden drei \u201aMeisterkurse des H\u00f6rens\u2018 als k\u00fcnstlerisch-p\u00e4dagogisches, etwa halbst\u00fcndiges Format. Das Format wurde vom Kulturb\u00fcro der Stadt Bochum gef\u00f6rdert.<\/p>\n<div style=\"clear: both;\">\n<div style=\"width: 50%; float: left; padding-right: 5px;\"><figure class=\"wp-block-embed wp-block-embed-youtube is-type-video is-provider-youtube epyt-figure\"><div class=\"wp-block-embed__wrapper\"><div class=\"epyt-video-wrapper\"><iframe loading=\"lazy\"  id=\"_ytid_25285\"  width=\"1140\" height=\"641\"  data-origwidth=\"1140\" data-origheight=\"641\"  data-relstop=\"1\" src=\"https:\/\/www.youtube.com\/embed\/MqceweJGhjU?enablejsapi=1&autoplay=0&cc_load_policy=0&cc_lang_pref=&iv_load_policy=1&loop=0&rel=0&fs=1&playsinline=0&autohide=2&theme=dark&color=red&controls=1&disablekb=0&\" class=\"__youtube_prefs__  no-lazyload\" title=\"YouTube player\"  allow=\"fullscreen; accelerometer; autoplay; clipboard-write; encrypted-media; gyroscope; picture-in-picture; web-share\" referrerpolicy=\"strict-origin-when-cross-origin\" allowfullscreen data-no-lazy=\"1\" data-skipgform_ajax_framebjll=\"\"><\/iframe><\/div><\/div><\/figure><\/div>\n<p>Gegenstand des ersten virtuellen Meisterkurses des H\u00f6rens ist ein Choralvorspiel \u00fcber den alten Weihnachtschoral \u201aEs ist ein Ros entsprungen\u2018 von Gerd Zacher. Gerd Zacher war ein deutscher Komponist, Organist und Musikschriftsteller, der einen neuartigen Umgang mit der Orgel entwickelte. Er war Kantor und Organist an der deutschen evangelischen Kirche in Santiago de Chile, danach an der Lutherkirche in Hamburg-Wellingsb\u00fcttel. Seine Hamburger Konzertreihe erregte damals weltweites Aufsehen, einerseits wegen der Urauff\u00fchrungen und andererseits wegen der Pflege jener Musik, die durch die Nationalsozialisten verdr\u00e4ngt worden war. Viele Werke zeitgen\u00f6ssischer Orgelmusik, die ihm gewidmet sind, hat er uraufgef\u00fchrt. 1970 wurde er als Leiter der Abteilung f\u00fcr Evangelische Kirchenmusik an die Folkwang-Hochschule in Essen berufen. Seine Collage \u00fcber &#8218;Es ist ein Ros entsprungen&#8216; wurde am Heiligabend des Jahres 1979 uraufgef\u00fchrt &#8230;<\/p>\n<\/div>\n<div style=\"clear: both; padding-top: 15px;\">\n<div style=\"width: 50%; float: right; padding-left: 5px;\"><figure class=\"wp-block-embed wp-block-embed-youtube is-type-video is-provider-youtube epyt-figure\"><div class=\"wp-block-embed__wrapper\"><div class=\"epyt-video-wrapper\"><iframe loading=\"lazy\"  id=\"_ytid_54753\"  width=\"1140\" height=\"641\"  data-origwidth=\"1140\" data-origheight=\"641\"  data-relstop=\"1\" src=\"https:\/\/www.youtube.com\/embed\/HR4gktkmyZ4?enablejsapi=1&autoplay=0&cc_load_policy=0&cc_lang_pref=&iv_load_policy=1&loop=0&rel=0&fs=1&playsinline=0&autohide=2&theme=dark&color=red&controls=1&disablekb=0&\" class=\"__youtube_prefs__  no-lazyload\" title=\"YouTube player\"  allow=\"fullscreen; accelerometer; autoplay; clipboard-write; encrypted-media; gyroscope; picture-in-picture; web-share\" referrerpolicy=\"strict-origin-when-cross-origin\" allowfullscreen data-no-lazy=\"1\" data-skipgform_ajax_framebjll=\"\"><\/iframe><\/div><\/div><\/figure><\/div>\n<p>Das Thema des 2. Meisterkurses sind die \u201aChants d&#8217;oiseaux&#8216; \u2013 die &#8218;Vogelges\u00e4nge&#8216; des franz\u00f6sischen Komponisten und Organisten Olivier Messiaen. Sie wurden 1951 in Messiaens &#8218;Livre d\u2019Orgue&#8216; ver\u00f6ffentlicht. Das \u2018Orgelbuch\u2019 ist ein Hauptwerk von Messiaen und nimmt in seinem gesamten Oeuvre vielleicht den Rang ein, den man der \u201aKunst der Fuge\u2018 bei Johann Sebastian Bach einr\u00e4umt. Messiaen schrieb seine Chants d\u2019oiseaux inmitten eines Waldes. Man h\u00f6rt darin die phantasievollen Strophen der Amsel, die s\u00fc\u00dfe Virtuosit\u00e4t des Rotkehlchens und die kraftvollen Rufe der Singdrossel. Das St\u00fcck beginnt am Nachmittag um 16.00 Uhr. Dann kommt die Nacht. In der wachsenden Dunkelheit beginnt die Nachtigall ein langes Solo &#8230;<\/p>\n<\/div>\n<div style=\"clear: both; padding-top: 15px;\">\n<div style=\"width: 50%; float: left; padding-right: 5px;\"><figure class=\"wp-block-embed wp-block-embed-youtube is-type-video is-provider-youtube epyt-figure\"><div class=\"wp-block-embed__wrapper\"><div class=\"epyt-video-wrapper\"><iframe loading=\"lazy\"  id=\"_ytid_77286\"  width=\"1140\" height=\"641\"  data-origwidth=\"1140\" data-origheight=\"641\"  data-relstop=\"1\" src=\"https:\/\/www.youtube.com\/embed\/21OAxmVZYbk?enablejsapi=1&autoplay=0&cc_load_policy=0&cc_lang_pref=&iv_load_policy=1&loop=0&rel=0&fs=1&playsinline=0&autohide=2&theme=dark&color=red&controls=1&disablekb=0&\" class=\"__youtube_prefs__  no-lazyload\" title=\"YouTube player\"  allow=\"fullscreen; accelerometer; autoplay; clipboard-write; encrypted-media; gyroscope; picture-in-picture; web-share\" referrerpolicy=\"strict-origin-when-cross-origin\" allowfullscreen data-no-lazy=\"1\" data-skipgform_ajax_framebjll=\"\"><\/iframe><\/div><\/div><\/figure><\/div>\n<p>Der dritte virtuelle Meisterkurs kreist um das Orgelst\u00fcck \u201aSouvenir\u2018 des amerikanischen Komponisten und Pianisten John Cage. John Cage z\u00e4hlt zu den herausragenden Gestalten der Musik im 20. Jahrhundert. Mit seiner Einbeziehung des Zufallsprinzips in die Komposition, seinem erweiterten Instrumentarium, einem offenen Werkbegriff und seinen medien\u00fcbergreifenden Projekten ist er bis heute Wegbereiter f\u00fcr viele avantgardistische Kunstbewegungen. Sein Orgelst\u00fcck &#8218;Souvenir&#8216; ist ein leichtf\u00fc\u00dfiges Andenken. Die gro\u00dfen dynamischen und motivischen Kontraste des St\u00fccks lassen immer wieder die Frage nach dem formalen Bindeglied aufkommen. Dabei ist &#8218;Souvenir\u2018 auf faszinierende Weise durchkomponiert: Alle Gestalten des St\u00fccks verwenden das gleiche Tonmaterial.<\/p>\n<\/div>\n<p>&nbsp;<\/p>\n<p>&nbsp;<\/p>\n","protected":false},"excerpt":{"rendered":"<p>Virtuelle Meisterkurse 2020 Herzlich willkommen zu den virtuellen Meisterkursen des Kulturraum Melanchthonkirche. In Zeiten der Corona-Pandemie haben wir daran gearbeitet Produktions- und Pr\u00e4sentationsformate zu entwickeln, die sich digitaler Medien bedienen. Wir sind weit davon entfernt zu glauben, dass digitale Formate das analoge Erleben ersetzen k\u00f6nnen. Und doch sehen wir in der digitalen Pr\u00e4sentation eines besonderen &hellip; <\/p>\n<p><a class=\"more-link btn\" href=\"https:\/\/ludwigkaiser.de\/index.php\/meisterkurse-2020\/\">Weiterlesen<\/a><\/p>\n","protected":false},"author":5,"featured_media":170,"parent":0,"menu_order":0,"comment_status":"closed","ping_status":"closed","template":"","meta":{"footnotes":""},"class_list":["post-834","page","type-page","status-publish","has-post-thumbnail","hentry","nodate","item-wrap"],"_links":{"self":[{"href":"https:\/\/ludwigkaiser.de\/index.php\/wp-json\/wp\/v2\/pages\/834","targetHints":{"allow":["GET"]}}],"collection":[{"href":"https:\/\/ludwigkaiser.de\/index.php\/wp-json\/wp\/v2\/pages"}],"about":[{"href":"https:\/\/ludwigkaiser.de\/index.php\/wp-json\/wp\/v2\/types\/page"}],"author":[{"embeddable":true,"href":"https:\/\/ludwigkaiser.de\/index.php\/wp-json\/wp\/v2\/users\/5"}],"replies":[{"embeddable":true,"href":"https:\/\/ludwigkaiser.de\/index.php\/wp-json\/wp\/v2\/comments?post=834"}],"version-history":[{"count":5,"href":"https:\/\/ludwigkaiser.de\/index.php\/wp-json\/wp\/v2\/pages\/834\/revisions"}],"predecessor-version":[{"id":863,"href":"https:\/\/ludwigkaiser.de\/index.php\/wp-json\/wp\/v2\/pages\/834\/revisions\/863"}],"wp:featuredmedia":[{"embeddable":true,"href":"https:\/\/ludwigkaiser.de\/index.php\/wp-json\/wp\/v2\/media\/170"}],"wp:attachment":[{"href":"https:\/\/ludwigkaiser.de\/index.php\/wp-json\/wp\/v2\/media?parent=834"}],"curies":[{"name":"wp","href":"https:\/\/api.w.org\/{rel}","templated":true}]}}