{"id":584,"date":"2020-03-19T13:18:59","date_gmt":"2020-03-19T12:18:59","guid":{"rendered":"http:\/\/ludwigkaiser.info\/?page_id=584"},"modified":"2021-01-09T14:35:24","modified_gmt":"2021-01-09T13:35:24","slug":"visionaer-vortrag-im-rahmen-der-bochumer-tage-fuer-neue-musik","status":"publish","type":"page","link":"https:\/\/ludwigkaiser.de\/index.php\/visionaer-vortrag-im-rahmen-der-bochumer-tage-fuer-neue-musik\/","title":{"rendered":"Vision\u00e4r &#8211; Vortrag im Rahmen der Bochumer Tage f\u00fcr Neue Musik"},"content":{"rendered":"<p>Dienstag, 8. Juni 2021, 19:15 Uhr<br \/>\nMelanchthonkirche Bochum<\/p>\n<h3>Neue Musik \u2013 Eine musikalische\u00a0Zeitgeschichte des Ungesagten<br \/>\nvon\u00a0der Gotik bis in die Moderne<\/h3>\n<p><img loading=\"lazy\" decoding=\"async\" class=\"alignnone  wp-image-551\" src=\"http:\/\/ludwigkaiser.info\/wp-content\/uploads\/2020\/01\/ND5_1389-1024x683.jpg\" alt=\"\" width=\"311\" height=\"207\" srcset=\"https:\/\/ludwigkaiser.de\/wp-content\/uploads\/2020\/01\/ND5_1389-1024x683.jpg 1024w, https:\/\/ludwigkaiser.de\/wp-content\/uploads\/2020\/01\/ND5_1389-768x512.jpg 768w, https:\/\/ludwigkaiser.de\/wp-content\/uploads\/2020\/01\/ND5_1389-1536x1024.jpg 1536w, https:\/\/ludwigkaiser.de\/wp-content\/uploads\/2020\/01\/ND5_1389-2048x1365.jpg 2048w\" sizes=\"auto, (max-width: 311px) 100vw, 311px\" \/><\/p>\n<p>Referent: Ludwig Kaiser<\/p>\n<p>Eintritt: 5 \/ 3 EUR<br \/>\nIn Kooperation mit der\u00a0Ev. Stadtakademie Bochum<\/p>\n<p>&#8222;Was ist neue Musik? &#8211; Offenbar doch eine solche, die es vorher noch nicht gegeben hat? So neu muss Musik aber immer sein, sofern es sich um Kunst handelt! Denn nur das Neue, Ungesagte ist in der Kunst segenswert.&#8220; (Arnold Sch\u00f6nberg)<\/p>\n<p>Der Vortrag mit Klangbeispielen regt ein vertieftes Verst\u00e4ndnis musikgeschichtlicher und damit auch gesamtgesellschaftlicher Umw\u00e4lzungen an. Er geht der Frage nach, welche potenziellen Rahmenbedingungen dazu f\u00fchrten, das musikalische Kunst zu jeder zeit Neues hervorbrachte.<\/p>\n","protected":false},"excerpt":{"rendered":"<p>Dienstag, 8. Juni 2021, 19:15 Uhr Melanchthonkirche Bochum Neue Musik \u2013 Eine musikalische\u00a0Zeitgeschichte des Ungesagten von\u00a0der Gotik bis in die Moderne Referent: Ludwig Kaiser Eintritt: 5 \/ 3 EUR In Kooperation mit der\u00a0Ev. Stadtakademie Bochum &#8222;Was ist neue Musik? &#8211; Offenbar doch eine solche, die es vorher noch nicht gegeben hat? So neu muss Musik &hellip; <\/p>\n<p><a class=\"more-link btn\" href=\"https:\/\/ludwigkaiser.de\/index.php\/visionaer-vortrag-im-rahmen-der-bochumer-tage-fuer-neue-musik\/\">Weiterlesen<\/a><\/p>\n","protected":false},"author":4,"featured_media":551,"parent":0,"menu_order":7,"comment_status":"closed","ping_status":"closed","template":"","meta":{"footnotes":""},"class_list":["post-584","page","type-page","status-publish","has-post-thumbnail","hentry","nodate","item-wrap"],"_links":{"self":[{"href":"https:\/\/ludwigkaiser.de\/index.php\/wp-json\/wp\/v2\/pages\/584","targetHints":{"allow":["GET"]}}],"collection":[{"href":"https:\/\/ludwigkaiser.de\/index.php\/wp-json\/wp\/v2\/pages"}],"about":[{"href":"https:\/\/ludwigkaiser.de\/index.php\/wp-json\/wp\/v2\/types\/page"}],"author":[{"embeddable":true,"href":"https:\/\/ludwigkaiser.de\/index.php\/wp-json\/wp\/v2\/users\/4"}],"replies":[{"embeddable":true,"href":"https:\/\/ludwigkaiser.de\/index.php\/wp-json\/wp\/v2\/comments?post=584"}],"version-history":[{"count":3,"href":"https:\/\/ludwigkaiser.de\/index.php\/wp-json\/wp\/v2\/pages\/584\/revisions"}],"predecessor-version":[{"id":919,"href":"https:\/\/ludwigkaiser.de\/index.php\/wp-json\/wp\/v2\/pages\/584\/revisions\/919"}],"wp:featuredmedia":[{"embeddable":true,"href":"https:\/\/ludwigkaiser.de\/index.php\/wp-json\/wp\/v2\/media\/551"}],"wp:attachment":[{"href":"https:\/\/ludwigkaiser.de\/index.php\/wp-json\/wp\/v2\/media?parent=584"}],"curies":[{"name":"wp","href":"https:\/\/api.w.org\/{rel}","templated":true}]}}