{"id":387,"date":"2019-01-09T09:38:42","date_gmt":"2019-01-09T08:38:42","guid":{"rendered":"http:\/\/ludwigkaiser.info\/?page_id=387"},"modified":"2019-01-10T14:01:18","modified_gmt":"2019-01-10T13:01:18","slug":"387-2","status":"publish","type":"page","link":"https:\/\/ludwigkaiser.de\/index.php\/387-2\/","title":{"rendered":"Spuren"},"content":{"rendered":"<p>Montag, 10. Juni 2019, 18:00 Uhr<br \/>\nMelanchthonkirche Bochum<\/p>\n<h3>Spuren<\/h3>\n<p>Das Ensemble Horizonte aus Detmold \u00a0spielt Werke von<br \/>\nJoanna Wozny, Violeta Dinescu, Max E. Keller, Younghi Pagh-Paan,<br \/>\nToru Takemitsu, J\u00f6rg-Peter Mittmann u.a.<br \/>\n<img loading=\"lazy\" decoding=\"async\" class=\"alignnone size-medium wp-image-403\" src=\"https:\/\/kulturraum-melanchthonkirche.de\/wp-content\/uploads\/2019\/01\/Ensemble-Horizonte-300x193.jpg\" alt=\"\" width=\"300\" height=\"193\" \/><\/p>\n<p>Ensemble Horizonte<br \/>\nLeitung: Dr. J\u00f6rg-Peter Mittmann<\/p>\n<p>Eintritt: 12 \/ 6 EUR erm\u00e4\u00dfigter Eintritt f\u00fcr Sch\u00fcler und Studierende<br \/>\nbei freier Platzwahl<br \/>\nKarten unter www.kulturraum-melanchthonkirche.de<\/p>\n","protected":false},"excerpt":{"rendered":"<p>Montag, 10. Juni 2019, 18:00 Uhr Melanchthonkirche Bochum Spuren Das Ensemble Horizonte aus Detmold \u00a0spielt Werke von Joanna Wozny, Violeta Dinescu, Max E. Keller, Younghi Pagh-Paan, Toru Takemitsu, J\u00f6rg-Peter Mittmann u.a. Ensemble Horizonte Leitung: Dr. J\u00f6rg-Peter Mittmann Eintritt: 12 \/ 6 EUR erm\u00e4\u00dfigter Eintritt f\u00fcr Sch\u00fcler und Studierende bei freier Platzwahl Karten unter www.kulturraum-melanchthonkirche.de<\/p>\n","protected":false},"author":4,"featured_media":0,"parent":0,"menu_order":0,"comment_status":"closed","ping_status":"closed","template":"","meta":{"footnotes":""},"class_list":["post-387","page","type-page","status-publish","hentry","nodate","item-wrap"],"_links":{"self":[{"href":"https:\/\/ludwigkaiser.de\/index.php\/wp-json\/wp\/v2\/pages\/387","targetHints":{"allow":["GET"]}}],"collection":[{"href":"https:\/\/ludwigkaiser.de\/index.php\/wp-json\/wp\/v2\/pages"}],"about":[{"href":"https:\/\/ludwigkaiser.de\/index.php\/wp-json\/wp\/v2\/types\/page"}],"author":[{"embeddable":true,"href":"https:\/\/ludwigkaiser.de\/index.php\/wp-json\/wp\/v2\/users\/4"}],"replies":[{"embeddable":true,"href":"https:\/\/ludwigkaiser.de\/index.php\/wp-json\/wp\/v2\/comments?post=387"}],"version-history":[{"count":2,"href":"https:\/\/ludwigkaiser.de\/index.php\/wp-json\/wp\/v2\/pages\/387\/revisions"}],"predecessor-version":[{"id":391,"href":"https:\/\/ludwigkaiser.de\/index.php\/wp-json\/wp\/v2\/pages\/387\/revisions\/391"}],"wp:attachment":[{"href":"https:\/\/ludwigkaiser.de\/index.php\/wp-json\/wp\/v2\/media?parent=387"}],"curies":[{"name":"wp","href":"https:\/\/api.w.org\/{rel}","templated":true}]}}