{"id":2,"date":"2018-06-06T16:57:22","date_gmt":"2018-06-06T14:57:22","guid":{"rendered":"http:\/\/31.172.95.111:83\/?page_id=2"},"modified":"2022-03-04T21:37:14","modified_gmt":"2022-03-04T20:37:14","slug":"home","status":"publish","type":"page","link":"https:\/\/ludwigkaiser.de\/","title":{"rendered":"Home"},"content":{"rendered":"<div class=\"\">\n<div id=\"attachment_228\" style=\"width: 479px\" class=\"wp-caption alignleft\"><img loading=\"lazy\" decoding=\"async\" aria-describedby=\"caption-attachment-228\" class=\" wp-image-228\" src=\"http:\/\/173.249.36.217:83\/wp-content\/uploads\/2018\/10\/Ludwig-PortraitI-bearbeitet_bearbeitet-3-1024x683.jpg\" alt=\"\" width=\"479\" height=\"319\" srcset=\"https:\/\/ludwigkaiser.de\/wp-content\/uploads\/2018\/10\/Ludwig-PortraitI-bearbeitet_bearbeitet-3-1024x683.jpg 1024w, https:\/\/ludwigkaiser.de\/wp-content\/uploads\/2018\/10\/Ludwig-PortraitI-bearbeitet_bearbeitet-3-768x512.jpg 768w\" sizes=\"auto, (max-width: 479px) 100vw, 479px\" \/><p id=\"caption-attachment-228\" class=\"wp-caption-text\">Ludwig Kaiser, Bochum<\/p><\/div>\n<p>\u201e\u2026 St\u00fccke, die nicht nur hohe virtuose Anforderungen aufweisen, sondern auch ein hohes Ma\u00df an Verst\u00e4ndnis f\u00fcr den Komponisten voraussetzen. Mit seinem Konzert hat Ludwig Kaiser wieder einmal gezeigt, dass er sich in diesen Dimensionen mit scheinbarer Leichtigkeit zu bewegen wei\u00df \u2026\u201c<br \/>\nWAZ Bochum<\/p>\n<p>\u201e\u2026 sein Umgang mit dem Raum und seinem Nachhall ist fabelhaft. Hier h\u00f6rt sich ein Musiker selbst beim Spielen zu, h\u00f6rt in den Raum hinein, reagiert aktuell auf ihn \u2026\u201c<br \/>\nWestf\u00e4lische Nachrichten<\/p>\n<\/div>\n<p>&nbsp;<\/p>\n","protected":false},"excerpt":{"rendered":"<p>\u201e\u2026 St\u00fccke, die nicht nur hohe virtuose Anforderungen aufweisen, sondern auch ein hohes Ma\u00df an Verst\u00e4ndnis f\u00fcr den Komponisten voraussetzen. Mit seinem Konzert hat Ludwig Kaiser wieder einmal gezeigt, dass er sich in diesen Dimensionen mit scheinbarer Leichtigkeit zu bewegen wei\u00df \u2026\u201c WAZ Bochum \u201e\u2026 sein Umgang mit dem Raum und seinem Nachhall ist fabelhaft. &hellip; <\/p>\n<p><a class=\"more-link btn\" href=\"https:\/\/ludwigkaiser.de\/\">Weiterlesen<\/a><\/p>\n","protected":false},"author":5,"featured_media":170,"parent":0,"menu_order":0,"comment_status":"closed","ping_status":"closed","template":"","meta":{"footnotes":""},"class_list":["post-2","page","type-page","status-publish","has-post-thumbnail","hentry","nodate","item-wrap"],"_links":{"self":[{"href":"https:\/\/ludwigkaiser.de\/index.php\/wp-json\/wp\/v2\/pages\/2","targetHints":{"allow":["GET"]}}],"collection":[{"href":"https:\/\/ludwigkaiser.de\/index.php\/wp-json\/wp\/v2\/pages"}],"about":[{"href":"https:\/\/ludwigkaiser.de\/index.php\/wp-json\/wp\/v2\/types\/page"}],"author":[{"embeddable":true,"href":"https:\/\/ludwigkaiser.de\/index.php\/wp-json\/wp\/v2\/users\/5"}],"replies":[{"embeddable":true,"href":"https:\/\/ludwigkaiser.de\/index.php\/wp-json\/wp\/v2\/comments?post=2"}],"version-history":[{"count":27,"href":"https:\/\/ludwigkaiser.de\/index.php\/wp-json\/wp\/v2\/pages\/2\/revisions"}],"predecessor-version":[{"id":1242,"href":"https:\/\/ludwigkaiser.de\/index.php\/wp-json\/wp\/v2\/pages\/2\/revisions\/1242"}],"wp:featuredmedia":[{"embeddable":true,"href":"https:\/\/ludwigkaiser.de\/index.php\/wp-json\/wp\/v2\/media\/170"}],"wp:attachment":[{"href":"https:\/\/ludwigkaiser.de\/index.php\/wp-json\/wp\/v2\/media?parent=2"}],"curies":[{"name":"wp","href":"https:\/\/api.w.org\/{rel}","templated":true}]}}