{"id":1873,"date":"2025-12-19T19:40:40","date_gmt":"2025-12-19T18:40:40","guid":{"rendered":"https:\/\/ludwigkaiser.de\/?page_id=1873"},"modified":"2025-12-19T20:15:19","modified_gmt":"2025-12-19T19:15:19","slug":"tradition-der-traditionslosigkeit","status":"publish","type":"page","link":"https:\/\/ludwigkaiser.de\/index.php\/konzerte\/tradition-der-traditionslosigkeit\/","title":{"rendered":"Tradition der Traditionslosigkeit\u00a0"},"content":{"rendered":"<div>\n<p class=\"xmsonormal\">Mittwoch, 10. Juni 2025, 19:30 Uhr<br \/>\nMelanchthonkirche Bochum<\/p>\n<\/div>\n<div>\n<h3 class=\"xmsonormal\">Tradition der Traditionslosigkeit<span class=\"apple-converted-space\">\u00a0<\/span><\/h3>\n<\/div>\n<div>\n<p class=\"xmsonormal\"><strong>Bildende Kunst und Musik der \u201aNew York School\u2019<span class=\"apple-converted-space\">\u00a0<\/span><\/strong><br \/>\n<strong>Vortrag mit Klangbeispielen<\/strong><\/p>\n<\/div>\n<div>\n<p><img loading=\"lazy\" decoding=\"async\" class=\" wp-image-227\" src=\"https:\/\/ludwigkaiser.de\/wp-content\/uploads\/2018\/10\/Ludwig-vor-Pfeifen-I-light_bearbeitet-1-1024x811.jpg\" alt=\"\" width=\"319\" height=\"253\" srcset=\"https:\/\/ludwigkaiser.de\/wp-content\/uploads\/2018\/10\/Ludwig-vor-Pfeifen-I-light_bearbeitet-1-1024x811.jpg 1024w, https:\/\/ludwigkaiser.de\/wp-content\/uploads\/2018\/10\/Ludwig-vor-Pfeifen-I-light_bearbeitet-1-768x609.jpg 768w\" sizes=\"auto, (max-width: 319px) 100vw, 319px\" \/><\/p>\n<p class=\"xmsonormal\">Referent: Ludwig Kaiser<\/p>\n<\/div>\n<div>\n<p class=\"xmsonormal\">Eintritt:<span class=\"apple-converted-space\">\u00a0<\/span>8 | 5 EUR<span class=\"apple-converted-space\">\u00a0<\/span>f\u00fcr Sch\u00fclerinnen, Sch\u00fcler und Studierende<br \/>\nim Verbund mit der Ev. Stadtakademie Bochum<\/p>\n<\/div>\n","protected":false},"excerpt":{"rendered":"<p>Mittwoch, 10. Juni 2025, 19:30 Uhr Melanchthonkirche Bochum Tradition der Traditionslosigkeit\u00a0 Bildende Kunst und Musik der \u201aNew York School\u2019\u00a0 Vortrag mit Klangbeispielen Referent: Ludwig Kaiser Eintritt:\u00a08 | 5 EUR\u00a0f\u00fcr Sch\u00fclerinnen, Sch\u00fcler und Studierende im Verbund mit der Ev. Stadtakademie Bochum<\/p>\n","protected":false},"author":4,"featured_media":227,"parent":15,"menu_order":8,"comment_status":"closed","ping_status":"closed","template":"","meta":{"footnotes":""},"class_list":["post-1873","page","type-page","status-publish","has-post-thumbnail","hentry","nodate","item-wrap"],"_links":{"self":[{"href":"https:\/\/ludwigkaiser.de\/index.php\/wp-json\/wp\/v2\/pages\/1873","targetHints":{"allow":["GET"]}}],"collection":[{"href":"https:\/\/ludwigkaiser.de\/index.php\/wp-json\/wp\/v2\/pages"}],"about":[{"href":"https:\/\/ludwigkaiser.de\/index.php\/wp-json\/wp\/v2\/types\/page"}],"author":[{"embeddable":true,"href":"https:\/\/ludwigkaiser.de\/index.php\/wp-json\/wp\/v2\/users\/4"}],"replies":[{"embeddable":true,"href":"https:\/\/ludwigkaiser.de\/index.php\/wp-json\/wp\/v2\/comments?post=1873"}],"version-history":[{"count":3,"href":"https:\/\/ludwigkaiser.de\/index.php\/wp-json\/wp\/v2\/pages\/1873\/revisions"}],"predecessor-version":[{"id":1908,"href":"https:\/\/ludwigkaiser.de\/index.php\/wp-json\/wp\/v2\/pages\/1873\/revisions\/1908"}],"up":[{"embeddable":true,"href":"https:\/\/ludwigkaiser.de\/index.php\/wp-json\/wp\/v2\/pages\/15"}],"wp:featuredmedia":[{"embeddable":true,"href":"https:\/\/ludwigkaiser.de\/index.php\/wp-json\/wp\/v2\/media\/227"}],"wp:attachment":[{"href":"https:\/\/ludwigkaiser.de\/index.php\/wp-json\/wp\/v2\/media?parent=1873"}],"curies":[{"name":"wp","href":"https:\/\/api.w.org\/{rel}","templated":true}]}}