{"id":1861,"date":"2025-12-19T19:30:37","date_gmt":"2025-12-19T18:30:37","guid":{"rendered":"https:\/\/ludwigkaiser.de\/?page_id=1861"},"modified":"2026-02-02T12:48:18","modified_gmt":"2026-02-02T11:48:18","slug":"dem-abend-gesagt","status":"publish","type":"page","link":"https:\/\/ludwigkaiser.de\/index.php\/konzerte\/dem-abend-gesagt\/","title":{"rendered":"Dem Abend gesagt"},"content":{"rendered":"<p style=\"font-weight: 400;\">Karfreitag, 3. April, 21:00 Uhr<br \/>\nMelanchthonkirche Bochum<\/p>\n<h3 style=\"font-weight: 400;\"><strong>Dem Abend gesagt<\/strong><\/h3>\n<p style=\"font-weight: 400;\"><strong>KonzertLesung am Karfreitag<\/strong><\/p>\n<p><img loading=\"lazy\" decoding=\"async\" class=\"alignnone wp-image-269\" src=\"https:\/\/ludwigkaiser.de\/wp-content\/uploads\/2018\/10\/Veronika_Nickl_-1024x683.jpg\" alt=\"\" width=\"374\" height=\"249\" srcset=\"https:\/\/ludwigkaiser.de\/wp-content\/uploads\/2018\/10\/Veronika_Nickl_-1024x683.jpg 1024w, https:\/\/ludwigkaiser.de\/wp-content\/uploads\/2018\/10\/Veronika_Nickl_-768x512.jpg 768w\" sizes=\"auto, (max-width: 374px) 100vw, 374px\" \/><\/p>\n<p>Texte von Ingeborg Bachmann, Christine Lavant, Else Lasker-Schu\u0308ler u.a.<br \/>\nMusik von Johann Sebastian Bach, Johannes Brahms, Franz Liszt u.a.<\/p>\n<p>Die KonzertLesung thematisiert mit gro\u00dfer Intensit\u00e4t und Expressivit\u00e4t existentielles Ausgesetzt-Sein, Trauer und Angst. Doch verharrt der dichte Konzertabend nicht in literarischen und musikalischen Ausdrucksformen der Trauer, sondern schl\u00e4gt einen tr\u00f6stlichen Bogen und wei\u00df mit den Worten Ingeborg Bachmanns &#8218;auf der Seite des Todes das Leben&#8216;.<\/p>\n<p>Rezitation: Veronika Nickl<br \/>\nOrgel: Ludwig Kaiser<br \/>\nEintritt: 12 | 6 EUR<\/p>\n","protected":false},"excerpt":{"rendered":"<p>Karfreitag, 3. April, 21:00 Uhr Melanchthonkirche Bochum Dem Abend gesagt KonzertLesung am Karfreitag Texte von Ingeborg Bachmann, Christine Lavant, Else Lasker-Schu\u0308ler u.a. Musik von Johann Sebastian Bach, Johannes Brahms, Franz Liszt u.a. Die KonzertLesung thematisiert mit gro\u00dfer Intensit\u00e4t und Expressivit\u00e4t existentielles Ausgesetzt-Sein, Trauer und Angst. Doch verharrt der dichte Konzertabend nicht in literarischen und musikalischen &hellip; <\/p>\n<p><a class=\"more-link btn\" href=\"https:\/\/ludwigkaiser.de\/index.php\/konzerte\/dem-abend-gesagt\/\">Weiterlesen<\/a><\/p>\n","protected":false},"author":4,"featured_media":971,"parent":15,"menu_order":4,"comment_status":"closed","ping_status":"closed","template":"","meta":{"footnotes":""},"class_list":["post-1861","page","type-page","status-publish","has-post-thumbnail","hentry","nodate","item-wrap"],"_links":{"self":[{"href":"https:\/\/ludwigkaiser.de\/index.php\/wp-json\/wp\/v2\/pages\/1861","targetHints":{"allow":["GET"]}}],"collection":[{"href":"https:\/\/ludwigkaiser.de\/index.php\/wp-json\/wp\/v2\/pages"}],"about":[{"href":"https:\/\/ludwigkaiser.de\/index.php\/wp-json\/wp\/v2\/types\/page"}],"author":[{"embeddable":true,"href":"https:\/\/ludwigkaiser.de\/index.php\/wp-json\/wp\/v2\/users\/4"}],"replies":[{"embeddable":true,"href":"https:\/\/ludwigkaiser.de\/index.php\/wp-json\/wp\/v2\/comments?post=1861"}],"version-history":[{"count":4,"href":"https:\/\/ludwigkaiser.de\/index.php\/wp-json\/wp\/v2\/pages\/1861\/revisions"}],"predecessor-version":[{"id":1920,"href":"https:\/\/ludwigkaiser.de\/index.php\/wp-json\/wp\/v2\/pages\/1861\/revisions\/1920"}],"up":[{"embeddable":true,"href":"https:\/\/ludwigkaiser.de\/index.php\/wp-json\/wp\/v2\/pages\/15"}],"wp:featuredmedia":[{"embeddable":true,"href":"https:\/\/ludwigkaiser.de\/index.php\/wp-json\/wp\/v2\/media\/971"}],"wp:attachment":[{"href":"https:\/\/ludwigkaiser.de\/index.php\/wp-json\/wp\/v2\/media?parent=1861"}],"curies":[{"name":"wp","href":"https:\/\/api.w.org\/{rel}","templated":true}]}}