{"id":1859,"date":"2025-12-19T19:26:47","date_gmt":"2025-12-19T18:26:47","guid":{"rendered":"https:\/\/ludwigkaiser.de\/?page_id=1859"},"modified":"2026-02-25T17:07:13","modified_gmt":"2026-02-25T16:07:13","slug":"passion-leidenschaft","status":"publish","type":"page","link":"https:\/\/ludwigkaiser.de\/index.php\/konzerte\/passion-leidenschaft\/","title":{"rendered":"Passion.Leidenschaft"},"content":{"rendered":"<div>\n<p class=\"xmsonormal\">Sonntag, 8. M\u00e4rz 2026, 18:00 Uhr<br \/>\nMelanchthonkirche Bochum<\/p>\n<\/div>\n<div>\n<h3 class=\"xmsonormal\"><b>Passion.Leidenschaft<\/b><\/h3>\n<\/div>\n<div>\n<p class=\"xmsonormal\"><strong>Musik von John Dowland, Henry Purcell, Franz Schubert, Astor Piazzolla u.a.<\/strong><\/p>\n<\/div>\n<div>\n<p class=\"xmsonormal\"><img loading=\"lazy\" decoding=\"async\" class=\"alignnone wp-image-536\" src=\"https:\/\/ludwigkaiser.de\/wp-content\/uploads\/2020\/01\/MG_8132-1024x683.jpg\" alt=\"\" width=\"578\" height=\"385\" srcset=\"https:\/\/ludwigkaiser.de\/wp-content\/uploads\/2020\/01\/MG_8132-1024x683.jpg 1024w, https:\/\/ludwigkaiser.de\/wp-content\/uploads\/2020\/01\/MG_8132-768x512.jpg 768w, https:\/\/ludwigkaiser.de\/wp-content\/uploads\/2020\/01\/MG_8132-1536x1024.jpg 1536w, https:\/\/ludwigkaiser.de\/wp-content\/uploads\/2020\/01\/MG_8132-2048x1365.jpg 2048w\" sizes=\"auto, (max-width: 578px) 100vw, 578px\" \/><\/p>\n<p>Klavier: Tobias Bredohl<br \/>\nAkkordeon: Dr. Maik Hester<br \/>\nKantorei an der Melanchthonkirche<br \/>\nLeitung: Ludwig Kaiser<\/p>\n<\/div>\n<div>\n<p>Eintritt: 20 | 10<br \/>\nReservierungen bitte unter\u00a0Tel. 0234 3252448 oder unter<br \/>\n<a href=\"http:\/\/www.kulturraum-melanchthonkirche.de\/\">www.kulturraum-melanchthonkirche.de<\/a><\/p>\n<p><strong>\u00a0<\/strong>Was verbindet die <em>Moments musicaux<\/em> von Franz Schubert mit Henry Purcells <em>Music for a while<\/em> und Astor Piazzollas <em>Adios Nonino<\/em>? \u00a0Es ist die Hingabe an den gegenw\u00e4rtigen Augenblick, die Musik \u00fcber die Jahrhunderte hinweg vereint.<\/p>\n<p>Warum kann ein Programm in der Passionszeit von \u201aweltlichen Leidenschaften\u2018 handeln?<br \/>\nWeil es das Dilemma aller geistlichen Musik ist, den vermeintlichen Inhalt zwar durch die Wahl eines Titels oder eines zu vertonenden Textes, nicht aber eigentlich musikalisch ausdr\u00fccken zu k\u00f6nnen. Denn Musik ist nur ihren eigenen Sprachintentionen verpflichtet, durchaus des Geistes voll, doch an keine Konfession gebunden &#8211; auch im Gegensatz nicht schlichtweg weltlich!<\/p>\n<p>So dichtet Paul Gerhardt sein Passionslied <em>O Haupt voll Blut und Wunden <\/em>auf die Melodie des Liedes <em>Mein G\u2019m\u00fct ist mir verwirret, das macht ein Jungfrau zart<\/em> des Hans Leo Hassler aus seinem <em>Lustgarten neuer teutscher Ges\u00e4ng.<\/em><\/p>\n<p>Dass sich ein Passionslied mit dem Leiden Jesu besch\u00e4ftigt und das weltliche Pendant von leidenschaft(lichen) Verwirrungen handelt &#8211; irritiert.<\/p>\n<p>Doch begegnen wir in der Dichtung Paul Gerhardts einer erotisch-mystischen Tradition des Passionsstoffes, einer Tradition, die K\u00f6rperlichkeit, Leidenschaft und N\u00e4he von Lust und Schmerz kennt. Gerhardt kn\u00fcpft mit seiner Lieddichtung direkt an den Hymnus \u00a0<em>Salve caput cruentatum <\/em>des Arnulph von L\u00f6wen an. So sieht er im gesch\u00e4ndeten \u201aedlen Angesicht\u2018 Jesu noch die \u201aFarben \u00a0seiner Wangen\u2018, der \u201aroten Lippen Pracht\u2018, die nun vergangen ist, \u00a0spricht von Jesu Mund, der ihn \u201agelabet hat, mit Milch und s\u00fc\u00dfer Kost\u2018 &#8211; mancherlei Himmelslust miteingeschlossen. Und auch im letzten Todessto\u00df will er Jesus fassen \u201ain Arm und Scho\u00df\u2018.<\/p>\n<p>&nbsp;<\/p>\n<\/div>\n<div>\n<p>&nbsp;<\/p>\n<\/div>\n","protected":false},"excerpt":{"rendered":"<p>Sonntag, 8. M\u00e4rz 2026, 18:00 Uhr Melanchthonkirche Bochum Passion.Leidenschaft Musik von John Dowland, Henry Purcell, Franz Schubert, Astor Piazzolla u.a. Klavier: Tobias Bredohl Akkordeon: Dr. Maik Hester Kantorei an der Melanchthonkirche Leitung: Ludwig Kaiser Eintritt: 20 | 10 Reservierungen bitte unter\u00a0Tel. 0234 3252448 oder unter www.kulturraum-melanchthonkirche.de \u00a0Was verbindet die Moments musicaux von Franz Schubert mit &hellip; <\/p>\n<p><a class=\"more-link btn\" href=\"https:\/\/ludwigkaiser.de\/index.php\/konzerte\/passion-leidenschaft\/\">Weiterlesen<\/a><\/p>\n","protected":false},"author":4,"featured_media":550,"parent":15,"menu_order":3,"comment_status":"closed","ping_status":"closed","template":"","meta":{"footnotes":""},"class_list":["post-1859","page","type-page","status-publish","has-post-thumbnail","hentry","nodate","item-wrap"],"_links":{"self":[{"href":"https:\/\/ludwigkaiser.de\/index.php\/wp-json\/wp\/v2\/pages\/1859","targetHints":{"allow":["GET"]}}],"collection":[{"href":"https:\/\/ludwigkaiser.de\/index.php\/wp-json\/wp\/v2\/pages"}],"about":[{"href":"https:\/\/ludwigkaiser.de\/index.php\/wp-json\/wp\/v2\/types\/page"}],"author":[{"embeddable":true,"href":"https:\/\/ludwigkaiser.de\/index.php\/wp-json\/wp\/v2\/users\/4"}],"replies":[{"embeddable":true,"href":"https:\/\/ludwigkaiser.de\/index.php\/wp-json\/wp\/v2\/comments?post=1859"}],"version-history":[{"count":13,"href":"https:\/\/ludwigkaiser.de\/index.php\/wp-json\/wp\/v2\/pages\/1859\/revisions"}],"predecessor-version":[{"id":1924,"href":"https:\/\/ludwigkaiser.de\/index.php\/wp-json\/wp\/v2\/pages\/1859\/revisions\/1924"}],"up":[{"embeddable":true,"href":"https:\/\/ludwigkaiser.de\/index.php\/wp-json\/wp\/v2\/pages\/15"}],"wp:featuredmedia":[{"embeddable":true,"href":"https:\/\/ludwigkaiser.de\/index.php\/wp-json\/wp\/v2\/media\/550"}],"wp:attachment":[{"href":"https:\/\/ludwigkaiser.de\/index.php\/wp-json\/wp\/v2\/media?parent=1859"}],"curies":[{"name":"wp","href":"https:\/\/api.w.org\/{rel}","templated":true}]}}