{"id":141,"date":"2018-10-16T17:24:15","date_gmt":"2018-10-16T15:24:15","guid":{"rendered":"http:\/\/173.249.36.217:83\/?page_id=141"},"modified":"2018-10-16T17:28:56","modified_gmt":"2018-10-16T15:28:56","slug":"impressum","status":"publish","type":"page","link":"https:\/\/ludwigkaiser.de\/index.php\/impressum\/","title":{"rendered":"Impressum"},"content":{"rendered":"<p><b>Verantwortlich f\u00fcr den Inhalt:<\/b><br \/>\nLudwig Kaiser<br \/>\nK\u00f6nigsallee 48<br \/>\n44789 Bochum<\/p>\n<p>Ruf: 0234 \/ 33 52 87<br \/>\nFax: 069 \/ 133 041 462 44<br \/>\noder 0721 \/ 151 200 944<br \/>\nMobil: 0160 \/ 190 58 75<br \/>\n<a class=\"mail\" title=\"Opens window for sending email\">mail@ludwigkaiser.de<\/a><\/p>\n<p><b>Copyright:<\/b><br \/>\nLudwig Kaiser<\/p>\n<p><b>Haftungshinweis:<\/b><br \/>\nDie Inhalte unserer Seiten wurden mit gr\u00f6\u00dfter Sorgfalt erstellt. F\u00fcr die Richtigkeit, Vollst\u00e4ndigkeit und Aktualit\u00e4t der Inhalte k\u00f6nnen wir jedoch keine Gew\u00e4hr \u00fcbernehmen. Als Diensteanbieter sind wir gem\u00e4\u00df \u00a7 7 Abs.1 TMG f\u00fcr eigene Inhalte auf diesen Seiten nach den allgemeinen Gesetzen verantwortlich. Nach \u00a7\u00a7 8 bis 10 TMG sind wir als Diensteanbieter jedoch nicht verpflichtet, \u00fcbermittelte oder gespeicherte fremde Informationen zu \u00fcberwachen oder nach Umst\u00e4nden zu forschen, die auf eine rechtswidrige T\u00e4tigkeit hinweisen. Verpflichtungen zur Entfernung oder Sperrung der Nutzung von Informationen nach den allgemeinen Gesetzen bleiben hiervon unber\u00fchrt. Eine diesbez\u00fcgliche Haftung ist jedoch erst ab dem Zeitpunkt der Kenntnis einer konkreten Rechtsverletzung m\u00f6glich. Bei Bekanntwerden von entsprechenden Rechtsverletzungen werden wir diese Inhalte umgehend entfernen.<\/p>\n<p><b>Urheberrecht:<br \/>\n<\/b>Die durch die Seitenbetreiber erstellten Inhalte und Werke auf diesen Seiten unterliegen dem deutschen Urheberrecht. Die Vervielf\u00e4ltigung, Bearbeitung, Verbreitung und jede Art der Verwertung au\u00dferhalb der Grenzen des Urheberrechtes bed\u00fcrfen der schriftlichen Zustimmung des jeweiligen Autors bzw. Erstellers. Downloads und Kopien dieser Seite sind nur f\u00fcr den privaten, nicht kommerziellen Gebrauch gestattet. Soweit die Inhalte auf dieser Seite nicht vom Betreiber erstellt wurden, werden die Urheberrechte Dritter beachtet. Insbesondere werden Inhalte Dritter als solche gekennzeichnet. Sollten Sie trotzdem auf eine Urheberrechtsverletzung aufmerksam werden, bitten wir um einen entsprechenden Hinweis. Bei Bekanntwerden von Rechtsverletzungen werden wir derartige Inhalte umgehend entfernen.<\/p>\n","protected":false},"excerpt":{"rendered":"<p>Verantwortlich f\u00fcr den Inhalt: Ludwig Kaiser K\u00f6nigsallee 48 44789 Bochum Ruf: 0234 \/ 33 52 87 Fax: 069 \/ 133 041 462 44 oder 0721 \/ 151 200 944 Mobil: 0160 \/ 190 58 75 mail@ludwigkaiser.de Copyright: Ludwig Kaiser Haftungshinweis: Die Inhalte unserer Seiten wurden mit gr\u00f6\u00dfter Sorgfalt erstellt. F\u00fcr die Richtigkeit, Vollst\u00e4ndigkeit und Aktualit\u00e4t &hellip; <\/p>\n<p><a class=\"more-link btn\" href=\"https:\/\/ludwigkaiser.de\/index.php\/impressum\/\">Weiterlesen<\/a><\/p>\n","protected":false},"author":5,"featured_media":0,"parent":0,"menu_order":0,"comment_status":"closed","ping_status":"closed","template":"","meta":{"footnotes":""},"class_list":["post-141","page","type-page","status-publish","hentry","nodate","item-wrap"],"_links":{"self":[{"href":"https:\/\/ludwigkaiser.de\/index.php\/wp-json\/wp\/v2\/pages\/141","targetHints":{"allow":["GET"]}}],"collection":[{"href":"https:\/\/ludwigkaiser.de\/index.php\/wp-json\/wp\/v2\/pages"}],"about":[{"href":"https:\/\/ludwigkaiser.de\/index.php\/wp-json\/wp\/v2\/types\/page"}],"author":[{"embeddable":true,"href":"https:\/\/ludwigkaiser.de\/index.php\/wp-json\/wp\/v2\/users\/5"}],"replies":[{"embeddable":true,"href":"https:\/\/ludwigkaiser.de\/index.php\/wp-json\/wp\/v2\/comments?post=141"}],"version-history":[{"count":3,"href":"https:\/\/ludwigkaiser.de\/index.php\/wp-json\/wp\/v2\/pages\/141\/revisions"}],"predecessor-version":[{"id":146,"href":"https:\/\/ludwigkaiser.de\/index.php\/wp-json\/wp\/v2\/pages\/141\/revisions\/146"}],"wp:attachment":[{"href":"https:\/\/ludwigkaiser.de\/index.php\/wp-json\/wp\/v2\/media?parent=141"}],"curies":[{"name":"wp","href":"https:\/\/api.w.org\/{rel}","templated":true}]}}