{"id":13,"date":"2018-10-15T22:00:16","date_gmt":"2018-10-15T20:00:16","guid":{"rendered":"http:\/\/173.249.36.217:83\/?page_id=13"},"modified":"2022-02-10T19:39:13","modified_gmt":"2022-02-10T18:39:13","slug":"vita","status":"publish","type":"page","link":"https:\/\/ludwigkaiser.de\/index.php\/vita\/","title":{"rendered":"Vita"},"content":{"rendered":"<div id=\"attachment_225\" style=\"width: 257px\" class=\"wp-caption alignleft\"><img loading=\"lazy\" decoding=\"async\" aria-describedby=\"caption-attachment-225\" class=\" wp-image-225\" src=\"http:\/\/ludwigkaiser.info\/wp-content\/uploads\/2018\/10\/Ludwig-Portrait-bearbeitet-1024x683.jpg\" alt=\"\" width=\"257\" height=\"171\" srcset=\"https:\/\/ludwigkaiser.de\/wp-content\/uploads\/2018\/10\/Ludwig-Portrait-bearbeitet-1024x683.jpg 1024w, https:\/\/ludwigkaiser.de\/wp-content\/uploads\/2018\/10\/Ludwig-Portrait-bearbeitet-768x512.jpg 768w\" sizes=\"auto, (max-width: 257px) 100vw, 257px\" \/><p id=\"caption-attachment-225\" class=\"wp-caption-text\">Ludwig Kaiser, Bochum<\/p><\/div>\n<p>Ab 1978 studierte Ludwig Kaiser an der Folkwang-Hochschule\u00a0in Essen\u00a0u.a. bei\u00a0Prof. Gerd Zacher.<br \/>\n1984 legte er sein Kantoren-A-Examen, 1986 sein Konzertexamen ab. W\u00e4hrend dieser Zeit betrieb er kompositorische Studien bei Juan Allende-Blin.<br \/>\nEine rege Konzert- und Vortragst\u00e4tigkeit f\u00fchrt ihn\u00a0ins In- und Ausland, u.a. nach Hamburg, Berlin, Frankfurt, Rom, Legge, New York, Chicago,\u00a0Pieteo, Athen, Istanbul und Hiroshima. Seit Jahren kennzeichnen zahlreiche Urauff\u00fchrungen auch eigener Kompositionen f\u00fcr Orgel, interaktive Ensembles, Stummfilm und Chor sein Schaffen. Vieles ist durch Ver\u00f6ffentlichungen und Einspielungen dokumentiert.<br \/>\nSeit 1996 ist Ludwig Kaiser Kantor an der Melanchthonkirche Bochum, Leiter der Kantorei an der Melanchthonkirche und k\u00fcnstlerischer Leiter im &#8218;Kulturraum Melanchthonkirche&#8216;.<br \/>\nSeit 1998 Lehrbeauftragter in der F\u00e4cherkombination &#8218;\u00c4sthetische Bildung&#8216; an der Ev. Hochschule RWL. Seit 1999 k\u00fcnstlerischer Leiter der Bochumer Tage f\u00fcr Neue Musik und seit 2008 Mitveranstalter des Orgelfestival Ruhr.<br \/>\nAus Anlass des 100. Geburtstags von Olivier Messiaen f\u00fchrte Ludwig Kaiser an acht Abenden \u00fcber das Jahr 2008 verteilt in der Melanchthonkirche und dem Audimax der Ruhr-Universit\u00e4t Bochum das gesamte Orgelwerk Messiaens auf.<\/p>\n","protected":false},"excerpt":{"rendered":"<p>Ab 1978 studierte Ludwig Kaiser an der Folkwang-Hochschule\u00a0in Essen\u00a0u.a. bei\u00a0Prof. Gerd Zacher. 1984 legte er sein Kantoren-A-Examen, 1986 sein Konzertexamen ab. W\u00e4hrend dieser Zeit betrieb er kompositorische Studien bei Juan Allende-Blin. Eine rege Konzert- und Vortragst\u00e4tigkeit f\u00fchrt ihn\u00a0ins In- und Ausland, u.a. nach Hamburg, Berlin, Frankfurt, Rom, Legge, New York, Chicago,\u00a0Pieteo, Athen, Istanbul und Hiroshima. &hellip; <\/p>\n<p><a class=\"more-link btn\" href=\"https:\/\/ludwigkaiser.de\/index.php\/vita\/\">Weiterlesen<\/a><\/p>\n","protected":false},"author":5,"featured_media":170,"parent":0,"menu_order":0,"comment_status":"closed","ping_status":"closed","template":"","meta":{"footnotes":""},"class_list":["post-13","page","type-page","status-publish","has-post-thumbnail","hentry","nodate","item-wrap"],"_links":{"self":[{"href":"https:\/\/ludwigkaiser.de\/index.php\/wp-json\/wp\/v2\/pages\/13","targetHints":{"allow":["GET"]}}],"collection":[{"href":"https:\/\/ludwigkaiser.de\/index.php\/wp-json\/wp\/v2\/pages"}],"about":[{"href":"https:\/\/ludwigkaiser.de\/index.php\/wp-json\/wp\/v2\/types\/page"}],"author":[{"embeddable":true,"href":"https:\/\/ludwigkaiser.de\/index.php\/wp-json\/wp\/v2\/users\/5"}],"replies":[{"embeddable":true,"href":"https:\/\/ludwigkaiser.de\/index.php\/wp-json\/wp\/v2\/comments?post=13"}],"version-history":[{"count":17,"href":"https:\/\/ludwigkaiser.de\/index.php\/wp-json\/wp\/v2\/pages\/13\/revisions"}],"predecessor-version":[{"id":610,"href":"https:\/\/ludwigkaiser.de\/index.php\/wp-json\/wp\/v2\/pages\/13\/revisions\/610"}],"wp:featuredmedia":[{"embeddable":true,"href":"https:\/\/ludwigkaiser.de\/index.php\/wp-json\/wp\/v2\/media\/170"}],"wp:attachment":[{"href":"https:\/\/ludwigkaiser.de\/index.php\/wp-json\/wp\/v2\/media?parent=13"}],"curies":[{"name":"wp","href":"https:\/\/api.w.org\/{rel}","templated":true}]}}