{"id":111,"date":"2018-10-16T14:51:48","date_gmt":"2018-10-16T12:51:48","guid":{"rendered":"http:\/\/173.249.36.217:83\/?page_id=111"},"modified":"2022-02-10T19:41:44","modified_gmt":"2022-02-10T18:41:44","slug":"lehrtaetigkeit","status":"publish","type":"page","link":"https:\/\/ludwigkaiser.de\/index.php\/lehrtaetigkeit\/","title":{"rendered":"Lehrt\u00e4tigkeit"},"content":{"rendered":"<div id=\"attachment_227\" style=\"width: 359px\" class=\"wp-caption alignleft\"><img loading=\"lazy\" decoding=\"async\" aria-describedby=\"caption-attachment-227\" class=\" wp-image-227\" src=\"http:\/\/173.249.36.217:83\/wp-content\/uploads\/2018\/10\/Ludwig-vor-Pfeifen-I-light_bearbeitet-1-1024x811.jpg\" alt=\"\" width=\"359\" height=\"284\" srcset=\"https:\/\/ludwigkaiser.de\/wp-content\/uploads\/2018\/10\/Ludwig-vor-Pfeifen-I-light_bearbeitet-1-1024x811.jpg 1024w, https:\/\/ludwigkaiser.de\/wp-content\/uploads\/2018\/10\/Ludwig-vor-Pfeifen-I-light_bearbeitet-1-768x609.jpg 768w\" sizes=\"auto, (max-width: 359px) 100vw, 359px\" \/><p id=\"caption-attachment-227\" class=\"wp-caption-text\">Ludwig Kaiser, Bochum<\/p><\/div>\n<p>Seine <strong>Lehrt\u00e4tigkeit<\/strong> entfaltet Ludwig Kaiser seit 1998 im Rahmen von Seminaren an der <a href=\"http:\/\/www.efh-bochum.de\/\" target=\"_blank\" rel=\"noopener noreferrer\" data-htmlarea-external=\"1\">Evangelischen Hochschule RWL<\/a> in Bochum. Die Teilnehmer werden durch improvisatorisches Gestalten in sch\u00f6pferische Zusammenh\u00e4nge von Musik eingef\u00fchrt.<br \/>\n<strong>Workshops<\/strong>, die das H\u00f6ren und die Wahrnehmung von Musik thematisieren, sind als &#8218;Schule des H\u00f6rens&#8216; fester Bestandteil gr\u00f6\u00dferer Konzertreihen.<br \/>\n<strong>Vortr\u00e4ge<\/strong> zu den Gestalten und Formen zeitgen\u00f6ssischen k\u00fcnstlerischen Ausdrucks er\u00f6ffnen der Wahrnehmung und dem Verst\u00e4ndnis von Musik neue R\u00e4ume. &#8211; Vortrag:\u00a0<a href=\"https:\/\/youtu.be\/KBlFe5kK22g\">Vision\u00e4r<\/a>\u00a0vom 10. Juni 2020!<br \/>\n<strong>Ver\u00f6ffentlichungen<\/strong> zu Ph\u00e4nomenen leiblicher Wahrnehmung und zur Neuen Musik reflektieren die Praxis seiner Lehr- und Konzertt\u00e4tigkeit.<br \/>\n<strong>Konzertbegleitende Einf\u00fchrungen<\/strong> setzen sich mit den &#8218;Zu-Mut-ungen&#8216; Neuer Musik inbesondere im Raum der Kirche auseinander.<br \/>\n<strong>&#8218;Meisterkurse des\u00a0H\u00f6rens&#8216;<\/strong>, die einen wachen, offenen und ungewohnten &#8218;Blick&#8216; auf einschl\u00e4gige Orgelwerke vermitteln.<\/p>\n","protected":false},"excerpt":{"rendered":"<p>Seine Lehrt\u00e4tigkeit entfaltet Ludwig Kaiser seit 1998 im Rahmen von Seminaren an der Evangelischen Hochschule RWL in Bochum. Die Teilnehmer werden durch improvisatorisches Gestalten in sch\u00f6pferische Zusammenh\u00e4nge von Musik eingef\u00fchrt. Workshops, die das H\u00f6ren und die Wahrnehmung von Musik thematisieren, sind als &#8218;Schule des H\u00f6rens&#8216; fester Bestandteil gr\u00f6\u00dferer Konzertreihen. Vortr\u00e4ge zu den Gestalten und Formen &hellip; <\/p>\n<p><a class=\"more-link btn\" href=\"https:\/\/ludwigkaiser.de\/index.php\/lehrtaetigkeit\/\">Weiterlesen<\/a><\/p>\n","protected":false},"author":5,"featured_media":170,"parent":0,"menu_order":0,"comment_status":"closed","ping_status":"closed","template":"","meta":{"footnotes":""},"class_list":["post-111","page","type-page","status-publish","has-post-thumbnail","hentry","nodate","item-wrap"],"_links":{"self":[{"href":"https:\/\/ludwigkaiser.de\/index.php\/wp-json\/wp\/v2\/pages\/111","targetHints":{"allow":["GET"]}}],"collection":[{"href":"https:\/\/ludwigkaiser.de\/index.php\/wp-json\/wp\/v2\/pages"}],"about":[{"href":"https:\/\/ludwigkaiser.de\/index.php\/wp-json\/wp\/v2\/types\/page"}],"author":[{"embeddable":true,"href":"https:\/\/ludwigkaiser.de\/index.php\/wp-json\/wp\/v2\/users\/5"}],"replies":[{"embeddable":true,"href":"https:\/\/ludwigkaiser.de\/index.php\/wp-json\/wp\/v2\/comments?post=111"}],"version-history":[{"count":8,"href":"https:\/\/ludwigkaiser.de\/index.php\/wp-json\/wp\/v2\/pages\/111\/revisions"}],"predecessor-version":[{"id":775,"href":"https:\/\/ludwigkaiser.de\/index.php\/wp-json\/wp\/v2\/pages\/111\/revisions\/775"}],"wp:featuredmedia":[{"embeddable":true,"href":"https:\/\/ludwigkaiser.de\/index.php\/wp-json\/wp\/v2\/media\/170"}],"wp:attachment":[{"href":"https:\/\/ludwigkaiser.de\/index.php\/wp-json\/wp\/v2\/media?parent=111"}],"curies":[{"name":"wp","href":"https:\/\/api.w.org\/{rel}","templated":true}]}}